{"id":34,"date":"2022-05-13T11:21:15","date_gmt":"2022-05-13T09:21:15","guid":{"rendered":"https:\/\/localhost\/joaquimmolinsfigueras\/?page_id=34"},"modified":"2023-06-30T12:09:06","modified_gmt":"2023-06-30T10:09:06","slug":"quienes-somos-old","status":"publish","type":"page","link":"https:\/\/joaquimmolinsfigueras.org\/webnew\/quienes-somos-old\/","title":{"rendered":"Qui\u00e9nes somos old"},"content":{"rendered":"<p>[et_pb_section fb_built=\u00bb1&#8243; admin_label=\u00bbSection\u00bb _builder_version=\u00bb4.19.1&#8243; _module_preset=\u00bbdefault\u00bb background_color=\u00bbrgba(0,0,0,0.67)\u00bb use_background_color_gradient=\u00bbon\u00bb background_color_gradient_direction=\u00bb176deg\u00bb background_color_gradient_stops=\u00bbrgba(0,47,89,0.82) 13%|rgba(255,255,255,0) 100%\u00bb background_color_gradient_overlays_image=\u00bbon\u00bb background_image=\u00bbhttps:\/\/joaquimmolinsfigueras.org\/webnew\/wp-content\/uploads\/2023\/03\/P2174260_OK-scaled.jpg\u00bb background_repeat=\u00bbrepeat-y\u00bb min_height=\u00bb888.4px\u00bb custom_margin=\u00bb||-34px|||\u00bb custom_padding=\u00bb2vw|0px|120px|0px|false|false\u00bb global_colors_info=\u00bb{}\u00bb][et_pb_row _builder_version=\u00bb4.16&#8243; _module_preset=\u00bbdefault\u00bb max_width=\u00bb80%\u00bb use_custom_width=\u00bbon\u00bb width_unit=\u00bboff\u00bb custom_width_px__hover=\u00bb1080px\u00bb custom_width_px__hover_enabled=\u00bb1080px\u00bb custom_width_percent__hover=\u00bb80%\u00bb custom_width_percent__hover_enabled=\u00bb80%\u00bb global_colors_info=\u00bb{}\u00bb gutter_width__hover=\u00bb3&#8243; gutter_width__hover_enabled=\u00bb3&#8243; parallax_1__hover=\u00bboff\u00bb parallax_1__hover_enabled=\u00bboff\u00bb parallax_2__hover=\u00bboff\u00bb parallax_2__hover_enabled=\u00bboff\u00bb parallax_3__hover=\u00bboff\u00bb parallax_3__hover_enabled=\u00bboff\u00bb parallax_4__hover=\u00bboff\u00bb parallax_4__hover_enabled=\u00bboff\u00bb parallax_5__hover=\u00bboff\u00bb parallax_5__hover_enabled=\u00bboff\u00bb parallax_6__hover=\u00bboff\u00bb parallax_6__hover_enabled=\u00bboff\u00bb parallax_method_1__hover=\u00bbon\u00bb parallax_method_1__hover_enabled=\u00bbon\u00bb parallax_method_2__hover=\u00bbon\u00bb parallax_method_2__hover_enabled=\u00bbon\u00bb parallax_method_3__hover=\u00bbon\u00bb parallax_method_3__hover_enabled=\u00bbon\u00bb parallax_method_4__hover=\u00bbon\u00bb parallax_method_4__hover_enabled=\u00bbon\u00bb parallax_method_5__hover=\u00bbon\u00bb parallax_method_5__hover_enabled=\u00bbon\u00bb parallax_method_6__hover=\u00bbon\u00bb parallax_method_6__hover_enabled=\u00bbon\u00bb use_background_color_gradient__hover=\u00bboff\u00bb use_background_color_gradient__hover_enabled=\u00bboff\u00bb background_color_gradient_start__hover=\u00bb#2b87da\u00bb background_color_gradient_start__hover_enabled=\u00bb#2b87da\u00bb background_color_gradient_end__hover=\u00bb#29c4a9&#8243; background_color_gradient_end__hover_enabled=\u00bb#29c4a9&#8243; background_color_gradient_type__hover=\u00bblinear\u00bb background_color_gradient_type__hover_enabled=\u00bblinear\u00bb background_color_gradient_direction__hover=\u00bb180deg\u00bb background_color_gradient_direction__hover_enabled=\u00bb180deg\u00bb background_color_gradient_direction_radial__hover=\u00bbcenter\u00bb background_color_gradient_direction_radial__hover_enabled=\u00bbcenter\u00bb background_color_gradient_start_position__hover=\u00bb0%\u00bb background_color_gradient_start_position__hover_enabled=\u00bb0%\u00bb background_color_gradient_end_position__hover=\u00bb100%\u00bb background_color_gradient_end_position__hover_enabled=\u00bb100%\u00bb background_color_gradient_overlays_image__hover=\u00bboff\u00bb background_color_gradient_overlays_image__hover_enabled=\u00bboff\u00bb parallax__hover=\u00bboff\u00bb parallax__hover_enabled=\u00bboff\u00bb parallax_method__hover=\u00bbon\u00bb parallax_method__hover_enabled=\u00bbon\u00bb background_size__hover=\u00bbcover\u00bb background_size__hover_enabled=\u00bbcover\u00bb background_position__hover=\u00bbcenter\u00bb background_position__hover_enabled=\u00bbcenter\u00bb background_repeat__hover=\u00bbno-repeat\u00bb background_repeat__hover_enabled=\u00bbno-repeat\u00bb background_blend__hover=\u00bbnormal\u00bb background_blend__hover_enabled=\u00bbnormal\u00bb allow_player_pause__hover=\u00bboff\u00bb allow_player_pause__hover_enabled=\u00bboff\u00bb background_video_pause_outside_viewport__hover=\u00bbon\u00bb background_video_pause_outside_viewport__hover_enabled=\u00bbon\u00bb make_fullwidth__hover=\u00bboff\u00bb make_fullwidth__hover_enabled=\u00bboff\u00bb use_custom_width__hover=\u00bboff\u00bb use_custom_width__hover_enabled=\u00bboff\u00bb width_unit__hover=\u00bbon\u00bb width_unit__hover_enabled=\u00bbon\u00bb use_custom_gutter__hover=\u00bboff\u00bb use_custom_gutter__hover_enabled=\u00bboff\u00bb make_equal__hover=\u00bboff\u00bb make_equal__hover_enabled=\u00bboff\u00bb border_radii__hover=\u00bbon||||\u00bb border_radii__hover_enabled=\u00bbon||||\u00bb box_shadow_style__hover=\u00bbnone\u00bb box_shadow_style__hover_enabled=\u00bbnone\u00bb box_shadow_color__hover=\u00bbrgba(0,0,0,0.3)\u00bb box_shadow_color__hover_enabled=\u00bbrgba(0,0,0,0.3)\u00bb filter_hue_rotate__hover=\u00bb0deg\u00bb filter_hue_rotate__hover_enabled=\u00bb0deg\u00bb filter_saturate__hover=\u00bb100%\u00bb filter_saturate__hover_enabled=\u00bb100%\u00bb filter_brightness__hover=\u00bb100%\u00bb filter_brightness__hover_enabled=\u00bb100%\u00bb filter_contrast__hover=\u00bb100%\u00bb filter_contrast__hover_enabled=\u00bb100%\u00bb filter_invert__hover=\u00bb0%\u00bb filter_invert__hover_enabled=\u00bb0%\u00bb filter_sepia__hover=\u00bb0%\u00bb filter_sepia__hover_enabled=\u00bb0%\u00bb filter_opacity__hover=\u00bb100%\u00bb filter_opacity__hover_enabled=\u00bb100%\u00bb filter_blur__hover=\u00bb0px\u00bb filter_blur__hover_enabled=\u00bb0px\u00bb mix_blend_mode__hover=\u00bbnormal\u00bb mix_blend_mode__hover_enabled=\u00bbnormal\u00bb animation_style__hover=\u00bbnone\u00bb animation_style__hover_enabled=\u00bbnone\u00bb animation_repeat__hover=\u00bbonce\u00bb animation_repeat__hover_enabled=\u00bbonce\u00bb animation_direction__hover=\u00bbcenter\u00bb animation_direction__hover_enabled=\u00bbcenter\u00bb animation_duration__hover=\u00bb1000ms\u00bb animation_duration__hover_enabled=\u00bb1000ms\u00bb animation_delay__hover=\u00bb0ms\u00bb animation_delay__hover_enabled=\u00bb0ms\u00bb animation_intensity_slide__hover=\u00bb50%\u00bb animation_intensity_slide__hover_enabled=\u00bb50%\u00bb animation_intensity_zoom__hover=\u00bb50%\u00bb animation_intensity_zoom__hover_enabled=\u00bb50%\u00bb animation_intensity_flip__hover=\u00bb50%\u00bb animation_intensity_flip__hover_enabled=\u00bb50%\u00bb animation_intensity_fold__hover=\u00bb50%\u00bb animation_intensity_fold__hover_enabled=\u00bb50%\u00bb animation_intensity_roll__hover=\u00bb50%\u00bb animation_intensity_roll__hover_enabled=\u00bb50%\u00bb animation_starting_opacity__hover=\u00bb0%\u00bb animation_starting_opacity__hover_enabled=\u00bb0%\u00bb animation_speed_curve__hover=\u00bbease-in-out\u00bb animation_speed_curve__hover_enabled=\u00bbease-in-out\u00bb hover_transition_duration__hover=\u00bb300ms\u00bb hover_transition_duration__hover_enabled=\u00bb300ms\u00bb hover_transition_delay__hover=\u00bb0ms\u00bb hover_transition_delay__hover_enabled=\u00bb0ms\u00bb hover_transition_speed_curve__hover=\u00bbease\u00bb hover_transition_speed_curve__hover_enabled=\u00bbease\u00bb width__hover=\u00bb80%\u00bb width__hover_enabled=\u00bb80%\u00bb max_width__hover=\u00bb80%\u00bb max_width__hover_enabled=\u00bb80%\u00bb background_color_gradient_stops__hover=\u00bb#2b87da 0%|#29c4a9 100%\u00bb][et_pb_column type=\u00bb4_4&#8243; _builder_version=\u00bb4.16&#8243; _module_preset=\u00bbdefault\u00bb custom_padding=\u00bb|||\u00bb global_colors_info=\u00bb{}\u00bb custom_padding__hover=\u00bb|||\u00bb][et_pb_text _builder_version=\u00bb4.18.0&#8243; _module_preset=\u00bbdefault\u00bb text_font=\u00bb||||||||\u00bb text_font_size=\u00bb1px\u00bb header_font=\u00bbNoto Serif||||||||\u00bb header_font_size=\u00bb7vw\u00bb header_line_height=\u00bb1.2em\u00bb header_2_font=\u00bb||||||||\u00bb header_5_font=\u00bb||||||||\u00bb header_6_font=\u00bbSource Sans Pro|||on|||||\u00bb header_6_font_size=\u00bb24px\u00bb header_6_letter_spacing=\u00bb8px\u00bb header_6_line_height=\u00bb1.8em\u00bb transform_scale=\u00bb70%|70%\u00bb text_orientation=\u00bbcenter\u00bb background_layout=\u00bbdark\u00bb width=\u00bb100%\u00bb max_width=\u00bb100%\u00bb max_width_tablet=\u00bb\u00bb max_width_phone=\u00bb\u00bb max_width_last_edited=\u00bbon|tablet\u00bb module_alignment=\u00bbcenter\u00bb height=\u00bb186px\u00bb max_height=\u00bb1000px\u00bb custom_margin=\u00bb-35px||-37px||false|false\u00bb animation_style=\u00bbslide\u00bb animation_intensity_slide=\u00bb4%\u00bb header_font_size_tablet=\u00bb\u00bb header_font_size_phone=\u00bb48px\u00bb header_font_size_last_edited=\u00bbon|phone\u00bb header_text_shadow_style=\u00bbpreset3&#8243; header_text_shadow_blur_strength=\u00bb0.8em\u00bb header_text_shadow_color=\u00bbrgba(0,17,51,0.55)\u00bb global_colors_info=\u00bb{}\u00bb text_font_size__hover=\u00bb14px\u00bb text_font_size__hover_enabled=\u00bb14px\u00bb text_letter_spacing__hover=\u00bb0px\u00bb text_letter_spacing__hover_enabled=\u00bb0px\u00bb text_line_height__hover=\u00bb1.7em\u00bb text_line_height__hover_enabled=\u00bb1.7em\u00bb text_text_shadow_style__hover=\u00bbnone\u00bb text_text_shadow_style__hover_enabled=\u00bbnone\u00bb text_text_shadow_color__hover=\u00bbrgba(0,0,0,0.4)\u00bb text_text_shadow_color__hover_enabled=\u00bbrgba(0,0,0,0.4)\u00bb link_font_size__hover=\u00bb14px\u00bb link_font_size__hover_enabled=\u00bb14px\u00bb link_letter_spacing__hover=\u00bb0px\u00bb link_letter_spacing__hover_enabled=\u00bb0px\u00bb link_line_height__hover=\u00bb1em\u00bb link_line_height__hover_enabled=\u00bb1em\u00bb link_text_shadow_style__hover=\u00bbnone\u00bb link_text_shadow_style__hover_enabled=\u00bbnone\u00bb link_text_shadow_color__hover=\u00bbrgba(0,0,0,0.4)\u00bb link_text_shadow_color__hover_enabled=\u00bbrgba(0,0,0,0.4)\u00bb ul_font_size__hover=\u00bb14px\u00bb ul_font_size__hover_enabled=\u00bb14px\u00bb ul_letter_spacing__hover=\u00bb0px\u00bb ul_letter_spacing__hover_enabled=\u00bb0px\u00bb ul_line_height__hover=\u00bb1em\u00bb ul_line_height__hover_enabled=\u00bb1em\u00bb ul_text_shadow_style__hover=\u00bbnone\u00bb ul_text_shadow_style__hover_enabled=\u00bbnone\u00bb ul_text_shadow_color__hover=\u00bbrgba(0,0,0,0.4)\u00bb ul_text_shadow_color__hover_enabled=\u00bbrgba(0,0,0,0.4)\u00bb ol_font_size__hover=\u00bb14px\u00bb ol_font_size__hover_enabled=\u00bb14px\u00bb ol_letter_spacing__hover=\u00bb0px\u00bb ol_letter_spacing__hover_enabled=\u00bb0px\u00bb ol_line_height__hover=\u00bb1em\u00bb ol_line_height__hover_enabled=\u00bb1em\u00bb ol_text_shadow_style__hover=\u00bbnone\u00bb ol_text_shadow_style__hover_enabled=\u00bbnone\u00bb ol_text_shadow_color__hover=\u00bbrgba(0,0,0,0.4)\u00bb ol_text_shadow_color__hover_enabled=\u00bbrgba(0,0,0,0.4)\u00bb quote_font_size__hover=\u00bb14px\u00bb quote_font_size__hover_enabled=\u00bb14px\u00bb quote_letter_spacing__hover=\u00bb0px\u00bb quote_letter_spacing__hover_enabled=\u00bb0px\u00bb quote_line_height__hover=\u00bb1em\u00bb quote_line_height__hover_enabled=\u00bb1em\u00bb quote_text_shadow_style__hover=\u00bbnone\u00bb quote_text_shadow_style__hover_enabled=\u00bbnone\u00bb quote_text_shadow_color__hover=\u00bbrgba(0,0,0,0.4)\u00bb quote_text_shadow_color__hover_enabled=\u00bbrgba(0,0,0,0.4)\u00bb text_orientation__hover=\u00bbleft\u00bb text_orientation__hover_enabled=\u00bbleft\u00bb background_layout__hover=\u00bblight\u00bb background_layout__hover_enabled=\u00bblight\u00bb]<\/p>\n<h1>Qui\u00e9nes Somos<\/h1>\n<p>&nbsp;<\/p>\n<p>[\/et_pb_text][\/et_pb_column][\/et_pb_row][et_pb_row custom_padding_last_edited=\u00bbon|phone\u00bb padding_top_bottom_link_1=\u00bbtrue\u00bb padding_left_right_link_1=\u00bbtrue\u00bb _builder_version=\u00bb4.18.0&#8243; _module_preset=\u00bbdefault\u00bb background_color=\u00bb#ffffff\u00bb max_width=\u00bb900px\u00bb min_height=\u00bb700px\u00bb custom_margin=\u00bb-25px|auto|0px|auto||\u00bb custom_padding=\u00bb32px|90px|32px|90px|true|true\u00bb custom_padding_tablet=\u00bb40px|40px|40px|40px|true|true\u00bb custom_padding_phone=\u00bb20px|20px|20px|20px|true|true\u00bb animation_style=\u00bbflip\u00bb animation_direction=\u00bbleft\u00bb animation_intensity_flip=\u00bb10%\u00bb box_shadow_style=\u00bbpreset4&#8243; box_shadow_vertical=\u00bb13px\u00bb box_shadow_blur=\u00bb21px\u00bb box_shadow_spread=\u00bb8px\u00bb box_shadow_color=\u00bbrgba(0,0,0,0.42)\u00bb use_custom_width=\u00bbon\u00bb custom_width_px=\u00bb900px\u00bb global_colors_info=\u00bb{}\u00bb][et_pb_column type=\u00bb4_4&#8243; _builder_version=\u00bb4.16&#8243; _module_preset=\u00bbdefault\u00bb custom_padding=\u00bb|||\u00bb custom_padding_tablet=\u00bb20px|50px|20px|50px|true|true\u00bb custom_padding_phone=\u00bb10px|20px|10px|20px|true|true\u00bb custom_padding_last_edited=\u00bboff|desktop\u00bb global_colors_info=\u00bb{}\u00bb padding_phone=\u00bb10px|20px|10px|20px|true|true\u00bb padding_tablet=\u00bb20px|50px|20px|50px|true|true\u00bb padding_last_edited=\u00bboff|desktop\u00bb custom_padding__hover=\u00bb|||\u00bb][et_pb_text _builder_version=\u00bb4.19.1&#8243; _module_preset=\u00bbdefault\u00bb text_font=\u00bb||||||||\u00bb text_font_size=\u00bb16px\u00bb text_line_height=\u00bb2em\u00bb custom_margin=\u00bb7px||||false|false\u00bb text_font_size_tablet=\u00bb14px\u00bb text_font_size_phone=\u00bb\u00bb text_font_size_last_edited=\u00bbon|tablet\u00bb global_colors_info=\u00bb{}\u00bb]<\/p>\n<p style=\"text-align: justify;\">En el a\u00f1o 2001 se crea la <strong>Fundaci\u00f3n Joaqu\u00edn Molins Figueras<\/strong> en recuerdo de Joaqu\u00edn Molins Figueras. Persona emprendedora, austera y familiar quien con su esp\u00edritu e iniciativa desarroll\u00f3 la industria del cemento en Catalunya, particip\u00f3 en el desarrollo de diversas empresas del sector textil, promocion\u00f3 proyectos de obra p\u00fablica y organiz\u00f3 las primeras competiciones internacionales de automovilismo en Barcelona.<\/p>\n<p style=\"text-align: justify;\">\u00a0Muri\u00f3 en el a\u00f1o 1976 y dej\u00f3 una extensa familia, un proyecto empresarial familiar y el recuerdo de una personalidad admirable.<\/p>\n<p style=\"text-align: justify;\">La <strong>Fundaci\u00f3n<\/strong>, promovida por sus hijos Casimiro (rip), Juan (rip), Joaqu\u00edn y Marta, junto con sus familias, queremos hacer realidad uno de los sue\u00f1os que Don Joaqu\u00edn dej\u00f3 por escrito a sus dos hijos mayores:<\/p>\n<p style=\"text-align: justify;\"><em>\u201c\u2026.ir mejorando el nivel socioecon\u00f3mico de las personas que colaboran con la empresa familiar, si los rendimientos econ\u00f3micos de la misma lo permiten\u201d.<\/em><\/p>\n<p style=\"text-align: justify;\">Esta es la raz\u00f3n de ser de la <strong>Fundaci\u00f3n,<\/strong> con el criterio de generosidad y justicia, promovemos los valores considerados esenciales por Don Joaqu\u00edn, en especial la Familia y la empresa familiar.<\/p>\n<p>[\/et_pb_text][et_pb_text _builder_version=\u00bb4.19.1&#8243; _module_preset=\u00bbdefault\u00bb text_font=\u00bbAdamina||||||||\u00bb text_font_size=\u00bb35px\u00bb text_line_height=\u00bb1.3em\u00bb header_text_align=\u00bbcenter\u00bb header_font_size=\u00bb29px\u00bb module_alignment=\u00bbcenter\u00bb custom_margin=\u00bb35px||0px|||\u00bb global_colors_info=\u00bb{}\u00bb]<\/p>\n<h6 style=\"text-align: right;\"><img loading=\"lazy\" decoding=\"async\" src=\"https:\/\/joaquimmolinsfigueras.org\/webnew\/wp-content\/uploads\/2023\/03\/firma-01-1-300x226.jpg\" width=\"277\" height=\"209\" alt=\"\" class=\"wp-image-764 alignnone size-medium\" \/><\/h6>\n<h4 style=\"text-align: right;\"><strong>Joaquin Molins Gil<\/strong><\/h4>\n<h4 style=\"text-align: right;\"><strong>Presidente<\/strong><\/h4>\n<p style=\"text-align: right;\">[\/et_pb_text][\/et_pb_column][\/et_pb_row][\/et_pb_section]<\/p>\n","protected":false},"excerpt":{"rendered":"<p>Qui\u00e9nes Somos &nbsp;En el a\u00f1o 2001 se crea la Fundaci\u00f3n Joaqu\u00edn Molins Figueras en recuerdo de Joaqu\u00edn Molins Figueras. Persona emprendedora, austera y familiar quien con su esp\u00edritu e iniciativa desarroll\u00f3 la industria del cemento en Catalunya, particip\u00f3 en el desarrollo de diversas empresas del sector textil, promocion\u00f3 proyectos de obra p\u00fablica y organiz\u00f3 las [&hellip;]<\/p>\n","protected":false},"author":1,"featured_media":0,"parent":0,"menu_order":0,"comment_status":"closed","ping_status":"closed","template":"","meta":{"_et_pb_use_builder":"on","_et_pb_old_content":"","_et_gb_content_width":"","footnotes":""},"yoast_head":"<!-- This site is optimized with the Yoast SEO plugin v22.9 - https:\/\/yoast.com\/wordpress\/plugins\/seo\/ -->\n<title>Qui\u00e9nes somos old - Fundaci\u00f3 Joaquim Molins Figueras<\/title>\n<meta name=\"robots\" content=\"noindex, follow, max-snippet:-1, max-image-preview:large, max-video-preview:-1\" \/>\n<meta property=\"og:locale\" content=\"es_ES\" \/>\n<meta property=\"og:type\" content=\"article\" \/>\n<meta property=\"og:title\" content=\"Qui\u00e9nes somos old - Fundaci\u00f3 Joaquim Molins Figueras\" \/>\n<meta property=\"og:description\" content=\"Qui\u00e9nes Somos &nbsp;En el a\u00f1o 2001 se crea la Fundaci\u00f3n Joaqu\u00edn Molins Figueras en recuerdo de Joaqu\u00edn Molins Figueras. Persona emprendedora, austera y familiar quien con su esp\u00edritu e iniciativa desarroll\u00f3 la industria del cemento en Catalunya, particip\u00f3 en el desarrollo de diversas empresas del sector textil, promocion\u00f3 proyectos de obra p\u00fablica y organiz\u00f3 las [&hellip;]\" \/>\n<meta property=\"og:url\" content=\"https:\/\/joaquimmolinsfigueras.org\/webnew\/quienes-somos-old\/\" \/>\n<meta property=\"og:site_name\" content=\"Fundaci\u00f3 Joaquim Molins Figueras\" \/>\n<meta property=\"article:publisher\" content=\"https:\/\/www.facebook.com\/FundacioJoaquimMolinsFigueras\/\" \/>\n<meta property=\"article:modified_time\" content=\"2023-06-30T10:09:06+00:00\" \/>\n<meta property=\"og:image\" content=\"https:\/\/joaquimmolinsfigueras.org\/wp-content\/uploads\/2023\/03\/firma-01-1-300x226.jpg\" \/>\n<meta name=\"twitter:card\" content=\"summary_large_image\" \/>\n<meta name=\"twitter:label1\" content=\"Tiempo de lectura\" \/>\n\t<meta name=\"twitter:data1\" content=\"3 minutos\" \/>\n<script type=\"application\/ld+json\" class=\"yoast-schema-graph\">{\"@context\":\"https:\/\/schema.org\",\"@graph\":[{\"@type\":\"WebPage\",\"@id\":\"https:\/\/joaquimmolinsfigueras.org\/webnew\/quienes-somos-old\/\",\"url\":\"https:\/\/joaquimmolinsfigueras.org\/webnew\/quienes-somos-old\/\",\"name\":\"Qui\u00e9nes somos old - Fundaci\u00f3 Joaquim Molins Figueras\",\"isPartOf\":{\"@id\":\"https:\/\/joaquimmolinsfigueras.org\/webnew\/#website\"},\"primaryImageOfPage\":{\"@id\":\"https:\/\/joaquimmolinsfigueras.org\/webnew\/quienes-somos-old\/#primaryimage\"},\"image\":{\"@id\":\"https:\/\/joaquimmolinsfigueras.org\/webnew\/quienes-somos-old\/#primaryimage\"},\"thumbnailUrl\":\"https:\/\/joaquimmolinsfigueras.org\/webnew\/wp-content\/uploads\/2023\/03\/firma-01-1-300x226.jpg\",\"datePublished\":\"2022-05-13T09:21:15+00:00\",\"dateModified\":\"2023-06-30T10:09:06+00:00\",\"breadcrumb\":{\"@id\":\"https:\/\/joaquimmolinsfigueras.org\/webnew\/quienes-somos-old\/#breadcrumb\"},\"inLanguage\":\"es\",\"potentialAction\":[{\"@type\":\"ReadAction\",\"target\":[\"https:\/\/joaquimmolinsfigueras.org\/webnew\/quienes-somos-old\/\"]}]},{\"@type\":\"ImageObject\",\"inLanguage\":\"es\",\"@id\":\"https:\/\/joaquimmolinsfigueras.org\/webnew\/quienes-somos-old\/#primaryimage\",\"url\":\"https:\/\/joaquimmolinsfigueras.org\/webnew\/wp-content\/uploads\/2023\/03\/firma-01-1.jpg\",\"contentUrl\":\"https:\/\/joaquimmolinsfigueras.org\/webnew\/wp-content\/uploads\/2023\/03\/firma-01-1.jpg\",\"width\":557,\"height\":419},{\"@type\":\"BreadcrumbList\",\"@id\":\"https:\/\/joaquimmolinsfigueras.org\/webnew\/quienes-somos-old\/#breadcrumb\",\"itemListElement\":[{\"@type\":\"ListItem\",\"position\":1,\"name\":\"Portada\",\"item\":\"https:\/\/joaquimmolinsfigueras.org\/webnew\/\"},{\"@type\":\"ListItem\",\"position\":2,\"name\":\"Qui\u00e9nes somos old\"}]},{\"@type\":\"WebSite\",\"@id\":\"https:\/\/joaquimmolinsfigueras.org\/webnew\/#website\",\"url\":\"https:\/\/joaquimmolinsfigueras.org\/webnew\/\",\"name\":\"Fundaci\u00f3n Joaqu\u00edn Molins Figueras\",\"description\":\"\",\"publisher\":{\"@id\":\"https:\/\/joaquimmolinsfigueras.org\/webnew\/#organization\"},\"potentialAction\":[{\"@type\":\"SearchAction\",\"target\":{\"@type\":\"EntryPoint\",\"urlTemplate\":\"https:\/\/joaquimmolinsfigueras.org\/webnew\/?s={search_term_string}\"},\"query-input\":\"required name=search_term_string\"}],\"inLanguage\":\"es\"},{\"@type\":\"Organization\",\"@id\":\"https:\/\/joaquimmolinsfigueras.org\/webnew\/#organization\",\"name\":\"Fundaci\u00f3n Joaqu\u00edn Molins Figueras\",\"url\":\"https:\/\/joaquimmolinsfigueras.org\/webnew\/\",\"logo\":{\"@type\":\"ImageObject\",\"inLanguage\":\"es\",\"@id\":\"https:\/\/joaquimmolinsfigueras.org\/webnew\/#\/schema\/logo\/image\/\",\"url\":\"https:\/\/joaquimmolinsfigueras.org\/webnew\/wp-content\/uploads\/2022\/05\/logo-jmf.png\",\"contentUrl\":\"https:\/\/joaquimmolinsfigueras.org\/webnew\/wp-content\/uploads\/2022\/05\/logo-jmf.png\",\"width\":192,\"height\":164,\"caption\":\"Fundaci\u00f3n Joaqu\u00edn Molins Figueras\"},\"image\":{\"@id\":\"https:\/\/joaquimmolinsfigueras.org\/webnew\/#\/schema\/logo\/image\/\"},\"sameAs\":[\"https:\/\/www.facebook.com\/FundacioJoaquimMolinsFigueras\/\"]}]}<\/script>\n<!-- \/ Yoast SEO plugin. -->","yoast_head_json":{"title":"Qui\u00e9nes somos old - Fundaci\u00f3 Joaquim Molins Figueras","robots":{"index":"noindex","follow":"follow","max-snippet":"max-snippet:-1","max-image-preview":"max-image-preview:large","max-video-preview":"max-video-preview:-1"},"og_locale":"es_ES","og_type":"article","og_title":"Qui\u00e9nes somos old - Fundaci\u00f3 Joaquim Molins Figueras","og_description":"Qui\u00e9nes Somos &nbsp;En el a\u00f1o 2001 se crea la Fundaci\u00f3n Joaqu\u00edn Molins Figueras en recuerdo de Joaqu\u00edn Molins Figueras. Persona emprendedora, austera y familiar quien con su esp\u00edritu e iniciativa desarroll\u00f3 la industria del cemento en Catalunya, particip\u00f3 en el desarrollo de diversas empresas del sector textil, promocion\u00f3 proyectos de obra p\u00fablica y organiz\u00f3 las [&hellip;]","og_url":"https:\/\/joaquimmolinsfigueras.org\/webnew\/quienes-somos-old\/","og_site_name":"Fundaci\u00f3 Joaquim Molins Figueras","article_publisher":"https:\/\/www.facebook.com\/FundacioJoaquimMolinsFigueras\/","article_modified_time":"2023-06-30T10:09:06+00:00","og_image":[{"url":"https:\/\/joaquimmolinsfigueras.org\/wp-content\/uploads\/2023\/03\/firma-01-1-300x226.jpg"}],"twitter_card":"summary_large_image","twitter_misc":{"Tiempo de lectura":"3 minutos"},"schema":{"@context":"https:\/\/schema.org","@graph":[{"@type":"WebPage","@id":"https:\/\/joaquimmolinsfigueras.org\/webnew\/quienes-somos-old\/","url":"https:\/\/joaquimmolinsfigueras.org\/webnew\/quienes-somos-old\/","name":"Qui\u00e9nes somos old - Fundaci\u00f3 Joaquim Molins Figueras","isPartOf":{"@id":"https:\/\/joaquimmolinsfigueras.org\/webnew\/#website"},"primaryImageOfPage":{"@id":"https:\/\/joaquimmolinsfigueras.org\/webnew\/quienes-somos-old\/#primaryimage"},"image":{"@id":"https:\/\/joaquimmolinsfigueras.org\/webnew\/quienes-somos-old\/#primaryimage"},"thumbnailUrl":"https:\/\/joaquimmolinsfigueras.org\/webnew\/wp-content\/uploads\/2023\/03\/firma-01-1-300x226.jpg","datePublished":"2022-05-13T09:21:15+00:00","dateModified":"2023-06-30T10:09:06+00:00","breadcrumb":{"@id":"https:\/\/joaquimmolinsfigueras.org\/webnew\/quienes-somos-old\/#breadcrumb"},"inLanguage":"es","potentialAction":[{"@type":"ReadAction","target":["https:\/\/joaquimmolinsfigueras.org\/webnew\/quienes-somos-old\/"]}]},{"@type":"ImageObject","inLanguage":"es","@id":"https:\/\/joaquimmolinsfigueras.org\/webnew\/quienes-somos-old\/#primaryimage","url":"https:\/\/joaquimmolinsfigueras.org\/webnew\/wp-content\/uploads\/2023\/03\/firma-01-1.jpg","contentUrl":"https:\/\/joaquimmolinsfigueras.org\/webnew\/wp-content\/uploads\/2023\/03\/firma-01-1.jpg","width":557,"height":419},{"@type":"BreadcrumbList","@id":"https:\/\/joaquimmolinsfigueras.org\/webnew\/quienes-somos-old\/#breadcrumb","itemListElement":[{"@type":"ListItem","position":1,"name":"Portada","item":"https:\/\/joaquimmolinsfigueras.org\/webnew\/"},{"@type":"ListItem","position":2,"name":"Qui\u00e9nes somos old"}]},{"@type":"WebSite","@id":"https:\/\/joaquimmolinsfigueras.org\/webnew\/#website","url":"https:\/\/joaquimmolinsfigueras.org\/webnew\/","name":"Fundaci\u00f3n Joaqu\u00edn Molins Figueras","description":"","publisher":{"@id":"https:\/\/joaquimmolinsfigueras.org\/webnew\/#organization"},"potentialAction":[{"@type":"SearchAction","target":{"@type":"EntryPoint","urlTemplate":"https:\/\/joaquimmolinsfigueras.org\/webnew\/?s={search_term_string}"},"query-input":"required name=search_term_string"}],"inLanguage":"es"},{"@type":"Organization","@id":"https:\/\/joaquimmolinsfigueras.org\/webnew\/#organization","name":"Fundaci\u00f3n Joaqu\u00edn Molins Figueras","url":"https:\/\/joaquimmolinsfigueras.org\/webnew\/","logo":{"@type":"ImageObject","inLanguage":"es","@id":"https:\/\/joaquimmolinsfigueras.org\/webnew\/#\/schema\/logo\/image\/","url":"https:\/\/joaquimmolinsfigueras.org\/webnew\/wp-content\/uploads\/2022\/05\/logo-jmf.png","contentUrl":"https:\/\/joaquimmolinsfigueras.org\/webnew\/wp-content\/uploads\/2022\/05\/logo-jmf.png","width":192,"height":164,"caption":"Fundaci\u00f3n Joaqu\u00edn Molins Figueras"},"image":{"@id":"https:\/\/joaquimmolinsfigueras.org\/webnew\/#\/schema\/logo\/image\/"},"sameAs":["https:\/\/www.facebook.com\/FundacioJoaquimMolinsFigueras\/"]}]}},"_links":{"self":[{"href":"https:\/\/joaquimmolinsfigueras.org\/webnew\/wp-json\/wp\/v2\/pages\/34"}],"collection":[{"href":"https:\/\/joaquimmolinsfigueras.org\/webnew\/wp-json\/wp\/v2\/pages"}],"about":[{"href":"https:\/\/joaquimmolinsfigueras.org\/webnew\/wp-json\/wp\/v2\/types\/page"}],"author":[{"embeddable":true,"href":"https:\/\/joaquimmolinsfigueras.org\/webnew\/wp-json\/wp\/v2\/users\/1"}],"replies":[{"embeddable":true,"href":"https:\/\/joaquimmolinsfigueras.org\/webnew\/wp-json\/wp\/v2\/comments?post=34"}],"version-history":[{"count":0,"href":"https:\/\/joaquimmolinsfigueras.org\/webnew\/wp-json\/wp\/v2\/pages\/34\/revisions"}],"wp:attachment":[{"href":"https:\/\/joaquimmolinsfigueras.org\/webnew\/wp-json\/wp\/v2\/media?parent=34"}],"curies":[{"name":"wp","href":"https:\/\/api.w.org\/{rel}","templated":true}]}}